{"id":777,"date":"2024-01-08T13:20:28","date_gmt":"2024-01-08T13:20:28","guid":{"rendered":"https:\/\/drperoccospine.com.br\/?page_id=777"},"modified":"2024-01-08T13:22:32","modified_gmt":"2024-01-08T13:22:32","slug":"lesoes-na-coluna","status":"publish","type":"page","link":"https:\/\/drperoccospine.com.br\/index.php\/lesoes-na-coluna\/","title":{"rendered":"Les\u00f5es na Coluna"},"content":{"rendered":"\t\t<div data-elementor-type=\"wp-page\" data-elementor-id=\"777\" class=\"elementor elementor-777\" data-elementor-post-type=\"page\">\n\t\t\t\t<div class=\"elementor-element elementor-element-bc81416 e-flex e-con-boxed e-con e-parent\" data-id=\"bc81416\" data-element_type=\"container\">\n\t\t\t\t\t<div class=\"e-con-inner\">\n\t\t<div class=\"elementor-element elementor-element-856892f e-con-full e-flex e-con e-child\" data-id=\"856892f\" data-element_type=\"container\">\n\t\t\t\t<div class=\"elementor-element elementor-element-83eff62 elementor-widget elementor-widget-heading\" data-id=\"83eff62\" data-element_type=\"widget\" data-widget_type=\"heading.default\">\n\t\t\t\t<div class=\"elementor-widget-container\">\n\t\t\t<style>\/*! elementor - v3.23.0 - 15-07-2024 *\/\n.elementor-heading-title{padding:0;margin:0;line-height:1}.elementor-widget-heading .elementor-heading-title[class*=elementor-size-]>a{color:inherit;font-size:inherit;line-height:inherit}.elementor-widget-heading .elementor-heading-title.elementor-size-small{font-size:15px}.elementor-widget-heading .elementor-heading-title.elementor-size-medium{font-size:19px}.elementor-widget-heading .elementor-heading-title.elementor-size-large{font-size:29px}.elementor-widget-heading .elementor-heading-title.elementor-size-xl{font-size:39px}.elementor-widget-heading .elementor-heading-title.elementor-size-xxl{font-size:59px}<\/style><h2 class=\"elementor-heading-title elementor-size-default\"><p>As les\u00f5es na coluna s\u00e3o, em sua maioria, causadas por acidentes de tr\u00e2nsito, ferimentos de armas de fogo, quedas e mergulho em \u00e1guas rasas. Essas les\u00f5es podem comprometer a circula\u00e7\u00e3o da medula espinhal e que, por sua vez, afetam os movimentos e sensibilidade da regi\u00e3o abaixo do local atingido. <\/p><p>A cirurgia \u00e9 indicada quando o paciente apresenta instabilidade da coluna, que possa continuar lesionando o local. Outra indica\u00e7\u00e3o \u00e9 quando existe fratura e a proje\u00e7\u00e3o do disco ou de fragmentos \u00f3sseos que possam comprimir a medula<o:p><\/o:p><\/p><\/h2>\t\t<\/div>\n\t\t\t\t<\/div>\n\t\t\t\t<\/div>\n\t\t<div class=\"elementor-element elementor-element-7af7d48 e-con-full e-flex e-con e-child\" data-id=\"7af7d48\" data-element_type=\"container\">\n\t\t\t\t<div class=\"elementor-element elementor-element-a15d97e elementor-widget elementor-widget-video\" data-id=\"a15d97e\" data-element_type=\"widget\" data-settings=\"{&quot;video_type&quot;:&quot;hosted&quot;,&quot;controls&quot;:&quot;yes&quot;}\" data-widget_type=\"video.default\">\n\t\t\t\t<div class=\"elementor-widget-container\">\n\t\t\t<style>\/*! elementor - v3.23.0 - 15-07-2024 *\/\n.elementor-widget-video .elementor-widget-container{overflow:hidden;transform:translateZ(0)}.elementor-widget-video .elementor-wrapper{aspect-ratio:var(--video-aspect-ratio)}.elementor-widget-video .elementor-wrapper iframe,.elementor-widget-video .elementor-wrapper video{height:100%;width:100%;display:flex;border:none;background-color:#000}@supports not (aspect-ratio:1\/1){.elementor-widget-video .elementor-wrapper{position:relative;overflow:hidden;height:0;padding-bottom:calc(100% \/ var(--video-aspect-ratio))}.elementor-widget-video .elementor-wrapper iframe,.elementor-widget-video .elementor-wrapper video{position:absolute;top:0;right:0;bottom:0;left:0}}.elementor-widget-video .elementor-open-inline .elementor-custom-embed-image-overlay{position:absolute;top:0;right:0;bottom:0;left:0;background-size:cover;background-position:50%}.elementor-widget-video .elementor-custom-embed-image-overlay{cursor:pointer;text-align:center}.elementor-widget-video .elementor-custom-embed-image-overlay:hover .elementor-custom-embed-play i{opacity:1}.elementor-widget-video .elementor-custom-embed-image-overlay img{display:block;width:100%;aspect-ratio:var(--video-aspect-ratio);-o-object-fit:cover;object-fit:cover;-o-object-position:center center;object-position:center center}@supports not (aspect-ratio:1\/1){.elementor-widget-video .elementor-custom-embed-image-overlay{position:relative;overflow:hidden;height:0;padding-bottom:calc(100% \/ var(--video-aspect-ratio))}.elementor-widget-video .elementor-custom-embed-image-overlay img{position:absolute;top:0;right:0;bottom:0;left:0}}.elementor-widget-video .e-hosted-video .elementor-video{-o-object-fit:cover;object-fit:cover}.e-con-inner>.elementor-widget-video,.e-con>.elementor-widget-video{width:var(--container-widget-width);--flex-grow:var(--container-widget-flex-grow)}<\/style>\t\t<div class=\"e-hosted-video elementor-wrapper elementor-open-inline\">\n\t\t\t\t\t<video class=\"elementor-video\" src=\"https:\/\/drperoccospine.com.br\/wp-content\/uploads\/2024\/01\/TRAUMA-RAQUIMEDULAR.mp4\" controls=\"\" preload=\"metadata\" controlsList=\"nodownload\"><\/video>\n\t\t\t\t<\/div>\n\t\t\t\t<\/div>\n\t\t\t\t<\/div>\n\t\t\t\t<\/div>\n\t\t\t\t\t<\/div>\n\t\t\t\t<\/div>\n\t\t\t\t<\/div>\n\t\t","protected":false},"excerpt":{"rendered":"<p>As les\u00f5es na coluna s\u00e3o, em sua maioria, causadas por acidentes de tr\u00e2nsito, ferimentos de armas de fogo, quedas e mergulho em \u00e1guas rasas. Essas les\u00f5es podem comprometer a circula\u00e7\u00e3o da medula espinhal e que, por sua vez, afetam os movimentos e sensibilidade da regi\u00e3o abaixo do local atingido. A cirurgia \u00e9 indicada quando o [&hellip;]<\/p>\n","protected":false},"author":1,"featured_media":0,"parent":0,"menu_order":0,"comment_status":"closed","ping_status":"closed","template":"","meta":{"footnotes":""},"class_list":["post-777","page","type-page","status-publish","hentry"],"_links":{"self":[{"href":"https:\/\/drperoccospine.com.br\/index.php\/wp-json\/wp\/v2\/pages\/777"}],"collection":[{"href":"https:\/\/drperoccospine.com.br\/index.php\/wp-json\/wp\/v2\/pages"}],"about":[{"href":"https:\/\/drperoccospine.com.br\/index.php\/wp-json\/wp\/v2\/types\/page"}],"author":[{"embeddable":true,"href":"https:\/\/drperoccospine.com.br\/index.php\/wp-json\/wp\/v2\/users\/1"}],"replies":[{"embeddable":true,"href":"https:\/\/drperoccospine.com.br\/index.php\/wp-json\/wp\/v2\/comments?post=777"}],"version-history":[{"count":4,"href":"https:\/\/drperoccospine.com.br\/index.php\/wp-json\/wp\/v2\/pages\/777\/revisions"}],"predecessor-version":[{"id":781,"href":"https:\/\/drperoccospine.com.br\/index.php\/wp-json\/wp\/v2\/pages\/777\/revisions\/781"}],"wp:attachment":[{"href":"https:\/\/drperoccospine.com.br\/index.php\/wp-json\/wp\/v2\/media?parent=777"}],"curies":[{"name":"wp","href":"https:\/\/api.w.org\/{rel}","templated":true}]}}