{"id":755,"date":"2024-01-06T17:37:55","date_gmt":"2024-01-06T17:37:55","guid":{"rendered":"https:\/\/drperoccospine.com.br\/?page_id=755"},"modified":"2024-01-08T13:18:51","modified_gmt":"2024-01-08T13:18:51","slug":"procedimentos-a-laser","status":"publish","type":"page","link":"https:\/\/drperoccospine.com.br\/index.php\/procedimentos-a-laser\/","title":{"rendered":"Procedimentos a Laser"},"content":{"rendered":"\t\t<div data-elementor-type=\"wp-page\" data-elementor-id=\"755\" class=\"elementor elementor-755\" data-elementor-post-type=\"page\">\n\t\t\t\t<div class=\"elementor-element elementor-element-54fa3b8 e-flex e-con-boxed e-con e-parent\" data-id=\"54fa3b8\" data-element_type=\"container\">\n\t\t\t\t\t<div class=\"e-con-inner\">\n\t\t<div class=\"elementor-element elementor-element-041eccd e-con-full e-flex e-con e-child\" data-id=\"041eccd\" data-element_type=\"container\">\n\t\t\t\t<div class=\"elementor-element elementor-element-607d7bb elementor-widget elementor-widget-heading\" data-id=\"607d7bb\" data-element_type=\"widget\" data-widget_type=\"heading.default\">\n\t\t\t\t<div class=\"elementor-widget-container\">\n\t\t\t<style>\/*! elementor - v3.23.0 - 15-07-2024 *\/\n.elementor-heading-title{padding:0;margin:0;line-height:1}.elementor-widget-heading .elementor-heading-title[class*=elementor-size-]>a{color:inherit;font-size:inherit;line-height:inherit}.elementor-widget-heading .elementor-heading-title.elementor-size-small{font-size:15px}.elementor-widget-heading .elementor-heading-title.elementor-size-medium{font-size:19px}.elementor-widget-heading .elementor-heading-title.elementor-size-large{font-size:29px}.elementor-widget-heading .elementor-heading-title.elementor-size-xl{font-size:39px}.elementor-widget-heading .elementor-heading-title.elementor-size-xxl{font-size:59px}<\/style><h4 class=\"elementor-heading-title elementor-size-default\"><p>Os procedimentos a laser come\u00e7aram a ser realizados na d\u00e9cada de 1990 e ganharam espa\u00e7o na Europa, \u00c1sia e EUA nos anos 2000. \u00c9 indicado, geralmente, em casos de H\u00e9rnias de Disco, principalmente as pequenas, e tumores na regi\u00e3o da coluna vertebral. O laser atua na repara\u00e7\u00e3o do anel fibroso a partir de uma les\u00e3o t\u00e9rmica na regi\u00e3o afetada. <\/p><p>Dentre os benef\u00edcios desta t\u00e9cnica est\u00e1 o tempo de cirurgia e de recupera\u00e7\u00e3o do paciente, uma vez que a t\u00e9cnica \u00e9 considerada minimamente invasiva e sua incis\u00e3o na \u00e1rea a ser corrigida \u00e9 menor.<\/p><\/h4>\t\t<\/div>\n\t\t\t\t<\/div>\n\t\t\t\t<\/div>\n\t\t<div class=\"elementor-element elementor-element-4e12603 e-con-full e-flex e-con e-child\" data-id=\"4e12603\" data-element_type=\"container\">\n\t\t\t\t<div class=\"elementor-element elementor-element-4210c6f elementor-widget elementor-widget-image\" data-id=\"4210c6f\" data-element_type=\"widget\" data-widget_type=\"image.default\">\n\t\t\t\t<div class=\"elementor-widget-container\">\n\t\t\t<style>\/*! elementor - v3.23.0 - 15-07-2024 *\/\n.elementor-widget-image{text-align:center}.elementor-widget-image a{display:inline-block}.elementor-widget-image a img[src$=\".svg\"]{width:48px}.elementor-widget-image img{vertical-align:middle;display:inline-block}<\/style>\t\t\t\t\t\t\t\t\t\t<img fetchpriority=\"high\" decoding=\"async\" width=\"650\" height=\"450\" src=\"https:\/\/drperoccospine.com.br\/wp-content\/uploads\/2024\/01\/laser.webp\" class=\"attachment-large size-large wp-image-772\" alt=\"\" srcset=\"https:\/\/drperoccospine.com.br\/wp-content\/uploads\/2024\/01\/laser.webp 650w, https:\/\/drperoccospine.com.br\/wp-content\/uploads\/2024\/01\/laser-300x208.webp 300w\" sizes=\"(max-width: 650px) 100vw, 650px\" \/>\t\t\t\t\t\t\t\t\t\t\t\t\t<\/div>\n\t\t\t\t<\/div>\n\t\t\t\t<\/div>\n\t\t\t\t\t<\/div>\n\t\t\t\t<\/div>\n\t\t\t\t<\/div>\n\t\t","protected":false},"excerpt":{"rendered":"<p>Os procedimentos a laser come\u00e7aram a ser realizados na d\u00e9cada de 1990 e ganharam espa\u00e7o na Europa, \u00c1sia e EUA nos anos 2000. \u00c9 indicado, geralmente, em casos de H\u00e9rnias de Disco, principalmente as pequenas, e tumores na regi\u00e3o da coluna vertebral. O laser atua na repara\u00e7\u00e3o do anel fibroso a partir de uma les\u00e3o [&hellip;]<\/p>\n","protected":false},"author":1,"featured_media":0,"parent":0,"menu_order":0,"comment_status":"closed","ping_status":"closed","template":"","meta":{"footnotes":""},"class_list":["post-755","page","type-page","status-publish","hentry"],"_links":{"self":[{"href":"https:\/\/drperoccospine.com.br\/index.php\/wp-json\/wp\/v2\/pages\/755"}],"collection":[{"href":"https:\/\/drperoccospine.com.br\/index.php\/wp-json\/wp\/v2\/pages"}],"about":[{"href":"https:\/\/drperoccospine.com.br\/index.php\/wp-json\/wp\/v2\/types\/page"}],"author":[{"embeddable":true,"href":"https:\/\/drperoccospine.com.br\/index.php\/wp-json\/wp\/v2\/users\/1"}],"replies":[{"embeddable":true,"href":"https:\/\/drperoccospine.com.br\/index.php\/wp-json\/wp\/v2\/comments?post=755"}],"version-history":[{"count":13,"href":"https:\/\/drperoccospine.com.br\/index.php\/wp-json\/wp\/v2\/pages\/755\/revisions"}],"predecessor-version":[{"id":776,"href":"https:\/\/drperoccospine.com.br\/index.php\/wp-json\/wp\/v2\/pages\/755\/revisions\/776"}],"wp:attachment":[{"href":"https:\/\/drperoccospine.com.br\/index.php\/wp-json\/wp\/v2\/media?parent=755"}],"curies":[{"name":"wp","href":"https:\/\/api.w.org\/{rel}","templated":true}]}}