{"id":752,"date":"2024-01-06T17:29:28","date_gmt":"2024-01-06T17:29:28","guid":{"rendered":"https:\/\/drperoccospine.com.br\/?page_id=752"},"modified":"2024-01-08T13:37:47","modified_gmt":"2024-01-08T13:37:47","slug":"fratura-osteoporotica","status":"publish","type":"page","link":"https:\/\/drperoccospine.com.br\/index.php\/fratura-osteoporotica\/","title":{"rendered":"Fratura Osteopor\u00f3tica"},"content":{"rendered":"\t\t<div data-elementor-type=\"wp-page\" data-elementor-id=\"752\" class=\"elementor elementor-752\" data-elementor-post-type=\"page\">\n\t\t\t\t<div class=\"elementor-element elementor-element-4c3d8dd e-flex e-con-boxed e-con e-parent\" data-id=\"4c3d8dd\" data-element_type=\"container\">\n\t\t\t\t\t<div class=\"e-con-inner\">\n\t\t<div class=\"elementor-element elementor-element-03cabff e-con-full e-flex e-con e-child\" data-id=\"03cabff\" data-element_type=\"container\">\n\t\t\t\t<div class=\"elementor-element elementor-element-1c34cca elementor-widget elementor-widget-text-editor\" data-id=\"1c34cca\" data-element_type=\"widget\" data-widget_type=\"text-editor.default\">\n\t\t\t\t<div class=\"elementor-widget-container\">\n\t\t\t<style>\/*! elementor - v3.23.0 - 15-07-2024 *\/\n.elementor-widget-text-editor.elementor-drop-cap-view-stacked .elementor-drop-cap{background-color:#69727d;color:#fff}.elementor-widget-text-editor.elementor-drop-cap-view-framed .elementor-drop-cap{color:#69727d;border:3px solid;background-color:transparent}.elementor-widget-text-editor:not(.elementor-drop-cap-view-default) .elementor-drop-cap{margin-top:8px}.elementor-widget-text-editor:not(.elementor-drop-cap-view-default) .elementor-drop-cap-letter{width:1em;height:1em}.elementor-widget-text-editor .elementor-drop-cap{float:left;text-align:center;line-height:1;font-size:50px}.elementor-widget-text-editor .elementor-drop-cap-letter{display:inline-block}<\/style>\t\t\t\t<p>A fratura na coluna vertebral causada pela osteoporose exige cuidados e pode, em alguns casos, passar despercebida. No entanto, os preju\u00edzos ao paciente acometido por essa fratura s\u00e3o in\u00fameros e podem impactar diretamente em sua qualidade de vida.<\/p><p><span style=\"text-align: var(--text-align);\">Atualmente, al\u00e9m da vertebroplastia e da cifoplastia, uma nova t\u00e9cnica minimamente invasiva permite a recupera\u00e7\u00e3o total do paciente, em menor tempo. O procedimento corrige a altura vertebral por meio de um dispositivo que sustenta a v\u00e9rtebra fraturada.<\/span><\/p><p>\u00a0<\/p>\t\t\t\t\t\t<\/div>\n\t\t\t\t<\/div>\n\t\t\t\t<\/div>\n\t\t<div class=\"elementor-element elementor-element-eb0f234 e-con-full e-flex e-con e-child\" data-id=\"eb0f234\" data-element_type=\"container\">\n\t\t\t\t<div class=\"elementor-element elementor-element-5d907c3 elementor-widget elementor-widget-image\" data-id=\"5d907c3\" data-element_type=\"widget\" data-widget_type=\"image.default\">\n\t\t\t\t<div class=\"elementor-widget-container\">\n\t\t\t<style>\/*! elementor - v3.23.0 - 15-07-2024 *\/\n.elementor-widget-image{text-align:center}.elementor-widget-image a{display:inline-block}.elementor-widget-image a img[src$=\".svg\"]{width:48px}.elementor-widget-image img{vertical-align:middle;display:inline-block}<\/style>\t\t\t\t\t\t\t\t\t\t<img fetchpriority=\"high\" decoding=\"async\" width=\"900\" height=\"580\" src=\"https:\/\/drperoccospine.com.br\/wp-content\/uploads\/2024\/01\/fratura_osteoporotica-2.jpg\" class=\"attachment-large size-large wp-image-794\" alt=\"\" srcset=\"https:\/\/drperoccospine.com.br\/wp-content\/uploads\/2024\/01\/fratura_osteoporotica-2.jpg 900w, https:\/\/drperoccospine.com.br\/wp-content\/uploads\/2024\/01\/fratura_osteoporotica-2-300x193.jpg 300w, https:\/\/drperoccospine.com.br\/wp-content\/uploads\/2024\/01\/fratura_osteoporotica-2-768x495.jpg 768w\" sizes=\"(max-width: 900px) 100vw, 900px\" \/>\t\t\t\t\t\t\t\t\t\t\t\t\t<\/div>\n\t\t\t\t<\/div>\n\t\t\t\t<\/div>\n\t\t\t\t\t<\/div>\n\t\t\t\t<\/div>\n\t\t\t\t<\/div>\n\t\t","protected":false},"excerpt":{"rendered":"<p>A fratura na coluna vertebral causada pela osteoporose exige cuidados e pode, em alguns casos, passar despercebida. No entanto, os preju\u00edzos ao paciente acometido por essa fratura s\u00e3o in\u00fameros e podem impactar diretamente em sua qualidade de vida. Atualmente, al\u00e9m da vertebroplastia e da cifoplastia, uma nova t\u00e9cnica minimamente invasiva permite a recupera\u00e7\u00e3o total do [&hellip;]<\/p>\n","protected":false},"author":1,"featured_media":0,"parent":0,"menu_order":0,"comment_status":"closed","ping_status":"closed","template":"","meta":{"footnotes":""},"class_list":["post-752","page","type-page","status-publish","hentry"],"_links":{"self":[{"href":"https:\/\/drperoccospine.com.br\/index.php\/wp-json\/wp\/v2\/pages\/752"}],"collection":[{"href":"https:\/\/drperoccospine.com.br\/index.php\/wp-json\/wp\/v2\/pages"}],"about":[{"href":"https:\/\/drperoccospine.com.br\/index.php\/wp-json\/wp\/v2\/types\/page"}],"author":[{"embeddable":true,"href":"https:\/\/drperoccospine.com.br\/index.php\/wp-json\/wp\/v2\/users\/1"}],"replies":[{"embeddable":true,"href":"https:\/\/drperoccospine.com.br\/index.php\/wp-json\/wp\/v2\/comments?post=752"}],"version-history":[{"count":4,"href":"https:\/\/drperoccospine.com.br\/index.php\/wp-json\/wp\/v2\/pages\/752\/revisions"}],"predecessor-version":[{"id":797,"href":"https:\/\/drperoccospine.com.br\/index.php\/wp-json\/wp\/v2\/pages\/752\/revisions\/797"}],"wp:attachment":[{"href":"https:\/\/drperoccospine.com.br\/index.php\/wp-json\/wp\/v2\/media?parent=752"}],"curies":[{"name":"wp","href":"https:\/\/api.w.org\/{rel}","templated":true}]}}