{"id":744,"date":"2024-01-06T17:21:55","date_gmt":"2024-01-06T17:21:55","guid":{"rendered":"https:\/\/drperoccospine.com.br\/?page_id=744"},"modified":"2024-01-06T17:25:44","modified_gmt":"2024-01-06T17:25:44","slug":"hernia-de-disco","status":"publish","type":"page","link":"https:\/\/drperoccospine.com.br\/index.php\/hernia-de-disco\/","title":{"rendered":"H\u00e9rnia de Disco"},"content":{"rendered":"\t\t<div data-elementor-type=\"wp-page\" data-elementor-id=\"744\" class=\"elementor elementor-744\" data-elementor-post-type=\"page\">\n\t\t\t\t<div class=\"elementor-element elementor-element-dca3323 e-flex e-con-boxed e-con e-parent\" data-id=\"dca3323\" data-element_type=\"container\">\n\t\t\t\t\t<div class=\"e-con-inner\">\n\t\t<div class=\"elementor-element elementor-element-83d9552 e-con-full e-flex e-con e-child\" data-id=\"83d9552\" data-element_type=\"container\">\n\t\t\t\t<div class=\"elementor-element elementor-element-6aaed53 elementor-widget elementor-widget-heading\" data-id=\"6aaed53\" data-element_type=\"widget\" data-widget_type=\"heading.default\">\n\t\t\t\t<div class=\"elementor-widget-container\">\n\t\t\t<style>\/*! elementor - v3.23.0 - 15-07-2024 *\/\n.elementor-heading-title{padding:0;margin:0;line-height:1}.elementor-widget-heading .elementor-heading-title[class*=elementor-size-]>a{color:inherit;font-size:inherit;line-height:inherit}.elementor-widget-heading .elementor-heading-title.elementor-size-small{font-size:15px}.elementor-widget-heading .elementor-heading-title.elementor-size-medium{font-size:19px}.elementor-widget-heading .elementor-heading-title.elementor-size-large{font-size:29px}.elementor-widget-heading .elementor-heading-title.elementor-size-xl{font-size:39px}.elementor-widget-heading .elementor-heading-title.elementor-size-xxl{font-size:59px}<\/style><h2 class=\"elementor-heading-title elementor-size-default\"><p>A h\u00e9rnia pode ser protusa \u2013 quando o n\u00facleo fica contido no interior do disco \u2013 ou extrusa \u2013 quando o n\u00facleo \u00e9 expelido para fora do disco. Em ambas as situa\u00e7\u00f5es, os nervos da regi\u00e3o afetada podem ser comprimidos, causando dor e outros sintomas.<o:p><\/o:p><\/p><p><span style=\"text-align: var(--text-align);\">As t\u00e9cnicas minimamente invasivas t\u00eam como objetivo retirar <\/span><span style=\"text-align: var(--text-align);\">os fragmentos dos discos extrusos. Atualmente, s\u00e3o realizados procedimentos <\/span><span style=\"text-align: var(--text-align);\">como a cirurgia a laser, a microcirurgia e a cirurgia endosc\u00f3pica.<\/span><\/p><p><o:p><\/o:p><\/p><p><b><span style=\"text-align: var(--text-align);\">\u2022 Estenose do Canal Vertebral<\/span><br><\/b><\/p><p><b><o:p><\/o:p><\/b><\/p><p><b>\u2022 Artroplastia Cervical<o:p><\/o:p><\/b><\/p><p><b>\u2022 Les\u00f5es na Coluna<\/b><\/p><\/h2>\t\t<\/div>\n\t\t\t\t<\/div>\n\t\t\t\t<\/div>\n\t\t<div class=\"elementor-element elementor-element-bb0e0bc e-con-full e-flex e-con e-child\" data-id=\"bb0e0bc\" data-element_type=\"container\">\n\t\t\t\t<div class=\"elementor-element elementor-element-d907194 elementor-widget elementor-widget-video\" data-id=\"d907194\" data-element_type=\"widget\" data-settings=\"{&quot;video_type&quot;:&quot;hosted&quot;,&quot;controls&quot;:&quot;yes&quot;}\" data-widget_type=\"video.default\">\n\t\t\t\t<div class=\"elementor-widget-container\">\n\t\t\t<style>\/*! elementor - v3.23.0 - 15-07-2024 *\/\n.elementor-widget-video .elementor-widget-container{overflow:hidden;transform:translateZ(0)}.elementor-widget-video .elementor-wrapper{aspect-ratio:var(--video-aspect-ratio)}.elementor-widget-video .elementor-wrapper iframe,.elementor-widget-video .elementor-wrapper video{height:100%;width:100%;display:flex;border:none;background-color:#000}@supports not (aspect-ratio:1\/1){.elementor-widget-video .elementor-wrapper{position:relative;overflow:hidden;height:0;padding-bottom:calc(100% \/ var(--video-aspect-ratio))}.elementor-widget-video .elementor-wrapper iframe,.elementor-widget-video .elementor-wrapper video{position:absolute;top:0;right:0;bottom:0;left:0}}.elementor-widget-video .elementor-open-inline .elementor-custom-embed-image-overlay{position:absolute;top:0;right:0;bottom:0;left:0;background-size:cover;background-position:50%}.elementor-widget-video .elementor-custom-embed-image-overlay{cursor:pointer;text-align:center}.elementor-widget-video .elementor-custom-embed-image-overlay:hover .elementor-custom-embed-play i{opacity:1}.elementor-widget-video .elementor-custom-embed-image-overlay img{display:block;width:100%;aspect-ratio:var(--video-aspect-ratio);-o-object-fit:cover;object-fit:cover;-o-object-position:center center;object-position:center center}@supports not (aspect-ratio:1\/1){.elementor-widget-video .elementor-custom-embed-image-overlay{position:relative;overflow:hidden;height:0;padding-bottom:calc(100% \/ var(--video-aspect-ratio))}.elementor-widget-video .elementor-custom-embed-image-overlay img{position:absolute;top:0;right:0;bottom:0;left:0}}.elementor-widget-video .e-hosted-video .elementor-video{-o-object-fit:cover;object-fit:cover}.e-con-inner>.elementor-widget-video,.e-con>.elementor-widget-video{width:var(--container-widget-width);--flex-grow:var(--container-widget-flex-grow)}<\/style>\t\t<div class=\"e-hosted-video elementor-wrapper elementor-open-inline\">\n\t\t\t\t\t<video class=\"elementor-video\" src=\"https:\/\/drperoccospine.com.br\/wp-content\/uploads\/2024\/01\/Hernias-de-Disco-Cervicais-Lombares-e-Toracica.mp4\" controls=\"\" preload=\"metadata\" controlsList=\"nodownload\"><\/video>\n\t\t\t\t<\/div>\n\t\t\t\t<\/div>\n\t\t\t\t<\/div>\n\t\t\t\t<\/div>\n\t\t\t\t\t<\/div>\n\t\t\t\t<\/div>\n\t\t\t\t<\/div>\n\t\t","protected":false},"excerpt":{"rendered":"<p>A h\u00e9rnia pode ser protusa \u2013 quando o n\u00facleo fica contido no interior do disco \u2013 ou extrusa \u2013 quando o n\u00facleo \u00e9 expelido para fora do disco. Em ambas as situa\u00e7\u00f5es, os nervos da regi\u00e3o afetada podem ser comprimidos, causando dor e outros sintomas. As t\u00e9cnicas minimamente invasivas t\u00eam como objetivo retirar os fragmentos [&hellip;]<\/p>\n","protected":false},"author":1,"featured_media":0,"parent":0,"menu_order":0,"comment_status":"closed","ping_status":"closed","template":"","meta":{"footnotes":""},"class_list":["post-744","page","type-page","status-publish","hentry"],"_links":{"self":[{"href":"https:\/\/drperoccospine.com.br\/index.php\/wp-json\/wp\/v2\/pages\/744"}],"collection":[{"href":"https:\/\/drperoccospine.com.br\/index.php\/wp-json\/wp\/v2\/pages"}],"about":[{"href":"https:\/\/drperoccospine.com.br\/index.php\/wp-json\/wp\/v2\/types\/page"}],"author":[{"embeddable":true,"href":"https:\/\/drperoccospine.com.br\/index.php\/wp-json\/wp\/v2\/users\/1"}],"replies":[{"embeddable":true,"href":"https:\/\/drperoccospine.com.br\/index.php\/wp-json\/wp\/v2\/comments?post=744"}],"version-history":[{"count":4,"href":"https:\/\/drperoccospine.com.br\/index.php\/wp-json\/wp\/v2\/pages\/744\/revisions"}],"predecessor-version":[{"id":748,"href":"https:\/\/drperoccospine.com.br\/index.php\/wp-json\/wp\/v2\/pages\/744\/revisions\/748"}],"wp:attachment":[{"href":"https:\/\/drperoccospine.com.br\/index.php\/wp-json\/wp\/v2\/media?parent=744"}],"curies":[{"name":"wp","href":"https:\/\/api.w.org\/{rel}","templated":true}]}}