{"id":735,"date":"2024-01-06T17:09:07","date_gmt":"2024-01-06T17:09:07","guid":{"rendered":"https:\/\/drperoccospine.com.br\/?page_id=735"},"modified":"2024-01-06T17:16:35","modified_gmt":"2024-01-06T17:16:35","slug":"estenose-de-canal","status":"publish","type":"page","link":"https:\/\/drperoccospine.com.br\/index.php\/estenose-de-canal\/","title":{"rendered":"Estenose de Canal"},"content":{"rendered":"\t\t<div data-elementor-type=\"wp-page\" data-elementor-id=\"735\" class=\"elementor elementor-735\" data-elementor-post-type=\"page\">\n\t\t\t\t<div class=\"elementor-element elementor-element-b8c33e9 e-flex e-con-boxed e-con e-parent\" data-id=\"b8c33e9\" data-element_type=\"container\">\n\t\t\t\t\t<div class=\"e-con-inner\">\n\t\t<div class=\"elementor-element elementor-element-b219a56 e-con-full e-flex e-con e-child\" data-id=\"b219a56\" data-element_type=\"container\">\n\t\t\t\t<div class=\"elementor-element elementor-element-31d7956 elementor-widget elementor-widget-heading\" data-id=\"31d7956\" data-element_type=\"widget\" data-widget_type=\"heading.default\">\n\t\t\t\t<div class=\"elementor-widget-container\">\n\t\t\t<style>\/*! elementor - v3.23.0 - 15-07-2024 *\/\n.elementor-heading-title{padding:0;margin:0;line-height:1}.elementor-widget-heading .elementor-heading-title[class*=elementor-size-]>a{color:inherit;font-size:inherit;line-height:inherit}.elementor-widget-heading .elementor-heading-title.elementor-size-small{font-size:15px}.elementor-widget-heading .elementor-heading-title.elementor-size-medium{font-size:19px}.elementor-widget-heading .elementor-heading-title.elementor-size-large{font-size:29px}.elementor-widget-heading .elementor-heading-title.elementor-size-xl{font-size:39px}.elementor-widget-heading .elementor-heading-title.elementor-size-xxl{font-size:59px}<\/style><h2 class=\"elementor-heading-title elementor-size-default\"><p class=\"MsoNormal\">A estenose \u00e9 o estreitamento do canal vertebral e pode\nocorrer devido a fatores cong\u00eanitos ou adquiridos, como desgaste progressivo\ndas estruturas da coluna em decorr\u00eancia de pequenos traumas ao longo da vida. O\ncanal vertebral sofre uma compress\u00e3o mec\u00e2nica ou vascular, com sintomas que\npodem surgir gradativamente ou se desenvolver rapidamente. Dentre os sintomas\nest\u00e3o dor na regi\u00e3o afetada, diminui\u00e7\u00e3o da for\u00e7a e da sensibilidade nos membros\nsuperiores (quando a regi\u00e3o cervical \u00e9 afetada) e inferiores (quando a condi\u00e7\u00e3o\nafeta a regi\u00e3o lombar) e, at\u00e9 mesmo, dificuldade de controlar os esf\u00edncteres da\nbexiga e do \u00e2nus.<\/p><p class=\"MsoNormal\">O tratamento n\u00e3o cir\u00fargico atua apenas no controle da dor,\nn\u00e3o cura o paciente dessa condi\u00e7\u00e3o. J\u00e1 o tratamento cir\u00fargico \u00e9 recomendado em\ncasos em que o indiv\u00edduo tem sua qualidade de vida e rotina afetada pela\nestenose. A t\u00e9cnica consiste no alargamento do canal vertebral.<o:p><\/o:p><\/p><\/h2>\t\t<\/div>\n\t\t\t\t<\/div>\n\t\t<div class=\"elementor-element elementor-element-3835cfc e-flex e-con-boxed e-con e-child\" data-id=\"3835cfc\" data-element_type=\"container\">\n\t\t\t\t\t<div class=\"e-con-inner\">\n\t\t\t\t\t<\/div>\n\t\t\t\t<\/div>\n\t\t\t\t<\/div>\n\t\t<div class=\"elementor-element elementor-element-15d9d83 e-con-full e-flex e-con e-child\" data-id=\"15d9d83\" data-element_type=\"container\">\n\t\t\t\t<div class=\"elementor-element elementor-element-3119c10 elementor-widget elementor-widget-video\" data-id=\"3119c10\" data-element_type=\"widget\" data-settings=\"{&quot;video_type&quot;:&quot;hosted&quot;,&quot;controls&quot;:&quot;yes&quot;}\" data-widget_type=\"video.default\">\n\t\t\t\t<div class=\"elementor-widget-container\">\n\t\t\t<style>\/*! elementor - v3.23.0 - 15-07-2024 *\/\n.elementor-widget-video .elementor-widget-container{overflow:hidden;transform:translateZ(0)}.elementor-widget-video .elementor-wrapper{aspect-ratio:var(--video-aspect-ratio)}.elementor-widget-video .elementor-wrapper iframe,.elementor-widget-video .elementor-wrapper video{height:100%;width:100%;display:flex;border:none;background-color:#000}@supports not (aspect-ratio:1\/1){.elementor-widget-video .elementor-wrapper{position:relative;overflow:hidden;height:0;padding-bottom:calc(100% \/ var(--video-aspect-ratio))}.elementor-widget-video .elementor-wrapper iframe,.elementor-widget-video .elementor-wrapper video{position:absolute;top:0;right:0;bottom:0;left:0}}.elementor-widget-video .elementor-open-inline .elementor-custom-embed-image-overlay{position:absolute;top:0;right:0;bottom:0;left:0;background-size:cover;background-position:50%}.elementor-widget-video .elementor-custom-embed-image-overlay{cursor:pointer;text-align:center}.elementor-widget-video .elementor-custom-embed-image-overlay:hover .elementor-custom-embed-play i{opacity:1}.elementor-widget-video .elementor-custom-embed-image-overlay img{display:block;width:100%;aspect-ratio:var(--video-aspect-ratio);-o-object-fit:cover;object-fit:cover;-o-object-position:center center;object-position:center center}@supports not (aspect-ratio:1\/1){.elementor-widget-video .elementor-custom-embed-image-overlay{position:relative;overflow:hidden;height:0;padding-bottom:calc(100% \/ var(--video-aspect-ratio))}.elementor-widget-video .elementor-custom-embed-image-overlay img{position:absolute;top:0;right:0;bottom:0;left:0}}.elementor-widget-video .e-hosted-video .elementor-video{-o-object-fit:cover;object-fit:cover}.e-con-inner>.elementor-widget-video,.e-con>.elementor-widget-video{width:var(--container-widget-width);--flex-grow:var(--container-widget-flex-grow)}<\/style>\t\t<div class=\"e-hosted-video elementor-wrapper elementor-open-inline\">\n\t\t\t\t\t<video class=\"elementor-video\" src=\"https:\/\/drperoccospine.com.br\/wp-content\/uploads\/2024\/01\/ESTENOSE-DE-CANA.mp4\" controls=\"\" preload=\"metadata\" controlsList=\"nodownload\"><\/video>\n\t\t\t\t<\/div>\n\t\t\t\t<\/div>\n\t\t\t\t<\/div>\n\t\t\t\t<div class=\"elementor-element elementor-element-cf17c81 elementor-widget elementor-widget-heading\" data-id=\"cf17c81\" data-element_type=\"widget\" data-widget_type=\"heading.default\">\n\t\t\t\t<div class=\"elementor-widget-container\">\n\t\t\t<h3 class=\"elementor-heading-title elementor-size-default\">Estenose de Canal<\/h3>\t\t<\/div>\n\t\t\t\t<\/div>\n\t\t\t\t<\/div>\n\t\t\t\t\t<\/div>\n\t\t\t\t<\/div>\n\t\t\t\t<\/div>\n\t\t","protected":false},"excerpt":{"rendered":"<p>A estenose \u00e9 o estreitamento do canal vertebral e pode ocorrer devido a fatores cong\u00eanitos ou adquiridos, como desgaste progressivo das estruturas da coluna em decorr\u00eancia de pequenos traumas ao longo da vida. O canal vertebral sofre uma compress\u00e3o mec\u00e2nica ou vascular, com sintomas que podem surgir gradativamente ou se desenvolver rapidamente. Dentre os sintomas [&hellip;]<\/p>\n","protected":false},"author":1,"featured_media":0,"parent":0,"menu_order":0,"comment_status":"closed","ping_status":"closed","template":"","meta":{"footnotes":""},"class_list":["post-735","page","type-page","status-publish","hentry"],"_links":{"self":[{"href":"https:\/\/drperoccospine.com.br\/index.php\/wp-json\/wp\/v2\/pages\/735"}],"collection":[{"href":"https:\/\/drperoccospine.com.br\/index.php\/wp-json\/wp\/v2\/pages"}],"about":[{"href":"https:\/\/drperoccospine.com.br\/index.php\/wp-json\/wp\/v2\/types\/page"}],"author":[{"embeddable":true,"href":"https:\/\/drperoccospine.com.br\/index.php\/wp-json\/wp\/v2\/users\/1"}],"replies":[{"embeddable":true,"href":"https:\/\/drperoccospine.com.br\/index.php\/wp-json\/wp\/v2\/comments?post=735"}],"version-history":[{"count":4,"href":"https:\/\/drperoccospine.com.br\/index.php\/wp-json\/wp\/v2\/pages\/735\/revisions"}],"predecessor-version":[{"id":740,"href":"https:\/\/drperoccospine.com.br\/index.php\/wp-json\/wp\/v2\/pages\/735\/revisions\/740"}],"wp:attachment":[{"href":"https:\/\/drperoccospine.com.br\/index.php\/wp-json\/wp\/v2\/media?parent=735"}],"curies":[{"name":"wp","href":"https:\/\/api.w.org\/{rel}","templated":true}]}}