{"id":404,"date":"2023-12-22T14:31:30","date_gmt":"2023-12-22T14:31:30","guid":{"rendered":"https:\/\/drperoccospine.com.br\/?page_id=404"},"modified":"2023-12-22T18:17:35","modified_gmt":"2023-12-22T18:17:35","slug":"paciente-volta-a-jogar-basquete-apos-cirurgia-na-coluna","status":"publish","type":"page","link":"https:\/\/drperoccospine.com.br\/index.php\/imprensa\/paciente-volta-a-jogar-basquete-apos-cirurgia-na-coluna\/","title":{"rendered":"PACIENTE VOLTA A JOGAR BASQUETE AP\u00d3S CIRURGIA NA COLUNA"},"content":{"rendered":"<div data-colibri-id=\"404-c1\" class=\"style-276 style-local-404-c1 position-relative\">\n  <!---->\n  <div data-colibri-component=\"section\" data-colibri-id=\"404-c2\" id=\"custom\" class=\"h-section h-section-global-spacing d-flex align-items-lg-center align-items-md-center align-items-center style-277 style-local-404-c2 position-relative\">\n    <!---->\n    <!---->\n    <div class=\"h-section-grid-container h-section-boxed-container\">\n      <!---->\n      <div data-colibri-id=\"404-c3\" class=\"h-row-container gutters-row-lg-2 gutters-row-md-2 gutters-row-0 gutters-row-v-lg-2 gutters-row-v-md-2 gutters-row-v-2 style-285 style-local-404-c3 position-relative\">\n        <!---->\n        <div class=\"h-row justify-content-lg-center justify-content-md-center justify-content-center align-items-lg-stretch align-items-md-stretch align-items-stretch gutters-col-lg-2 gutters-col-md-2 gutters-col-0 gutters-col-v-lg-2 gutters-col-v-md-2 gutters-col-v-2\">\n          <!---->\n          <div class=\"h-column h-column-container d-flex h-col-lg-auto h-col-md-auto h-col-auto style-286-outer style-local-404-c4-outer\">\n            <div data-colibri-id=\"404-c4\" class=\"d-flex h-flex-basis h-column__inner h-px-lg-2 h-px-md-2 h-px-2 v-inner-lg-2 v-inner-md-2 v-inner-2 style-286 style-local-404-c4 position-relative\">\n              <!---->\n              <!---->\n              <div class=\"w-100 h-y-container h-column__content h-column__v-align flex-basis-100 align-self-lg-start align-self-md-start align-self-start\">\n                <!---->\n                <div data-colibri-id=\"404-c5\" class=\"h-text h-text-component style-287 style-local-404-c5 position-relative h-element\">\n                  <!---->\n                  <!---->\n                  <div class=\"\">\n                    <p>Praticar atividade f\u00edsica e manter o corpo em movimento \u00e9 essencial para estar em dia <\/p>\n                    <p>com a sa\u00fade,mas a intensidade dos exerc\u00edcios ou a falta de acompanhamento de um<\/p>\n                    <p>profissional qualificado pode gerar alguns problemas.<\/p>\n                  <\/div>\n                <\/div>\n              <\/div>\n            <\/div>\n          <\/div>\n        <\/div>\n      <\/div>\n      <div data-colibri-id=\"404-c6\" class=\"h-row-container gutters-row-lg-2 gutters-row-md-2 gutters-row-0 gutters-row-v-lg-2 gutters-row-v-md-2 gutters-row-v-2 style-278 style-local-404-c6 position-relative\">\n        <!---->\n        <div class=\"h-row justify-content-lg-center justify-content-md-center justify-content-center align-items-lg-stretch align-items-md-stretch align-items-stretch gutters-col-lg-2 gutters-col-md-2 gutters-col-0 gutters-col-v-lg-2 gutters-col-v-md-2 gutters-col-v-2\">\n          <!---->\n          <div class=\"h-column h-column-container d-flex h-col-lg-auto h-col-md-auto h-col-auto style-279-outer style-local-404-c7-outer\">\n            <div data-colibri-id=\"404-c7\" class=\"d-flex h-flex-basis h-column__inner h-px-lg-2 h-px-md-2 h-px-2 v-inner-lg-2 v-inner-md-2 v-inner-2 style-279 style-local-404-c7 position-relative\">\n              <!---->\n              <!---->\n              <div class=\"w-100 h-y-container h-column__content h-column__v-align flex-basis-100 align-self-lg-start align-self-md-start align-self-start\">\n                <!---->\n                <div data-colibri-id=\"404-c8\" class=\"h-text h-text-component style-288 style-local-404-c8 position-relative h-element\">\n                  <!---->\n                  <!---->\n                  <div class=\"\">\n                    <p>No Brasil, ainda \u00e9 comum encontrar pacientes lesionados que, por medo de operar, continuam sentindo dor e at\u00e9 largam o esporte, desenvolvendo outras doen\u00e7as como diabetes, hipertens\u00e3o e obesidade. Muitas pessoas acreditam que ap\u00f3s\n                      uma cirurgia na coluna ficar\u00e3o incapacitadas para realizar suas atividades. <\/p>\n                    <p>Na verdade, a realidade \u00e9 bem diferente.Uma forma de cortar o mal pela raizs\u00e3o as cirurgias minimamente invasivas, indicadas para o tratamento de problemas tanto na coluna, quanto em p\u00e9s e pernas, oferecendo ao paciente o retorno \u00e0s\n                      suas atividades rotineiras.<\/p>\n                    <p>O empres\u00e1rio Dirceu Gon\u00e7alves Pereira J\u00fanior, de 32 anos, era jogador profissional de basquete. Em 201 O, come\u00e7ou a ter crises e a n\u00e3o conseguir mais treinar com tanta frequ\u00eancia (na \u00e9poca eram quatro horas di\u00e1rias de treino). O primeiro\n                      m\u00e9dico que ele procurou disse que era um desgaste normal da coluna, ent\u00e3o ele continuou treinando o quanto conseguia. Foram dois anos de dor vai e dor vem. Em 2013, ele procurou outros especialistas e decidiu operar. No dia seguinte\n                      da cirurgia, ele saiu andando do hospital e voltou a trabalhar em dois meses, retomando a sua vida normal. Hoje, al\u00e9m de cuidar da sua academia, faz muscula\u00e7\u00e3o todos os dias, treina kick box e joga basquete aos finais de semana.\n                      &#8220;As pessoas n\u00e3o devem ter medo de operar. t importante se informar sobre o problema e procurar um m\u00e9dico de confian\u00e7a. Depois de tanto sofrimento, levo uma vida normal\u201d conta.<\/p>\n                  <\/div>\n                <\/div>\n              <\/div>\n            <\/div>\n          <\/div>\n          <div class=\"h-column h-column-container d-flex h-col-lg-auto h-col-md-auto h-col-auto style-280-outer style-local-404-c9-outer\">\n            <div data-colibri-id=\"404-c9\" class=\"d-flex h-flex-basis h-column__inner h-px-lg-2 h-px-md-2 h-px-2 v-inner-lg-2 v-inner-md-2 v-inner-2 style-280 style-local-404-c9 position-relative\">\n              <!---->\n              <!---->\n              <div class=\"w-100 h-y-container h-column__content h-column__v-align flex-basis-100 align-self-lg-start align-self-md-start align-self-start\">\n                <!---->\n                <div data-colibri-id=\"404-c10\" class=\"h-text h-text-component style-289 style-local-404-c10 position-relative h-element\">\n                  <!---->\n                  <!---->\n                  <div class=\"\">\n                    <p>&#8220;A cirurgia que o Dirceu realizou, consiste em uma estabiliza\u00e7\u00e3o din\u00e2mica da coluna lombar, indicada para corre\u00e7\u00e3o de h\u00e9rnia de disco e estabiliza\u00e7\u00e3o da coluna para pacientes jovens e atletas, pois mant\u00e9m a mobilidade do segmento tratada.\n                      Em alguns meses, o paciente j\u00e1 est\u00e1 fazendo tudo o que fazia antes, at\u00e9 jogando bola e correndo&#8217;: explica Dr. Marcelo Perocco, neurocirurgi\u00e3o especialista em coluna. <\/p>\n                    <p>Dirceu voltou a jogar basquete e praticar corrida sem dor alguma, o que n\u00e3o acontece nas cirurgias tradicionais. Antigamente, o m\u00e9dico fixava a coluna do paciente em um determinado local e o segmento de cima ficava doendo, o que ocasionava\n                      dor lombar cr\u00f4nica para o resto da vida. <\/p>\n                    <p>De acordo com Dr. Perocco, &#8220;a cirurgia a laser \u00e9 tamb\u00e9m uma boa op\u00e7\u00e3o de tratamento. Com ela, a recupera\u00e7\u00e3o do paciente \u00e9 mais r\u00e1pida, pois o procedimento diminui a les\u00e3o dos tecidos em volta e reduz a agress\u00e3o ao corpo da pessoa.\n                      Outros m\u00e9todos bastante utilizados s\u00e3o a radiofrequ\u00eancia e est\u00edmulo de choque para fascite plantar, muito comum em corredores que perdem o ritmo de treino pela dor na planta do p\u00e9. Esses tratamentos desinflamam a regi\u00e3o e fazem o\n                      paciente parar de sentir dor, voltando \u00e0s suas atividades&#8221;. <\/p>\n                    <p>Por \u00faltimo, uma cirurgia conhecida como Estabiliza\u00e7\u00e3o lnterespinhosa, na qual voc\u00ea tira a h\u00e9rnia de disco e fixa a v\u00e9rtebra sem ter que colocar pinos na coluna. &#8220;Essa \u00e9 uma cirurgia pequena que utiliza apenas presilhas, dispensando\n                      pinos e hastes. Sendo assim, esse procedimento \u00e9 bem menos agressivo, mais r\u00e1pido e a recupera\u00e7\u00e3o do paciente \u00e9 bem melhor&#8217;: acrescenta Dr. Marcelo.<\/p>\n                  <\/div>\n                <\/div>\n              <\/div>\n            <\/div>\n          <\/div>\n          <div class=\"h-column h-column-container d-flex h-col-lg-auto h-col-md-auto h-col-auto style-281-outer style-local-404-c11-outer\">\n            <div data-colibri-id=\"404-c11\" class=\"d-flex h-flex-basis h-column__inner h-px-lg-2 h-px-md-2 h-px-2 v-inner-lg-2 v-inner-md-2 v-inner-2 style-281 style-local-404-c11 position-relative\">\n              <!---->\n              <!---->\n              <div class=\"w-100 h-y-container h-column__content h-column__v-align flex-basis-100 align-self-lg-start align-self-md-start align-self-start\">\n                <!---->\n                <div data-colibri-id=\"404-c12\" class=\"d-block style-290 style-local-404-c12 position-relative h-element\">\n                  <!---->\n                  <div class=\"h-image__frame-container-outer\">\n                    <div class=\"h-image__frame-container\">\n                      <!---->\n                      <!---->\n                      <img fetchpriority=\"high\" decoding=\"async\" width=\"598\" height=\"2560\" src=\"https:\/\/drperoccospine.com.br\/wp-content\/uploads\/2023\/12\/cropped-BannerGol214-scaled-2.jpg\" class=\"wp-image-410 style-290-image style-local-404-c12-image\" alt=\"\" srcset=\"https:\/\/drperoccospine.com.br\/wp-content\/uploads\/2023\/12\/cropped-BannerGol214-scaled-2.jpg 598w, https:\/\/drperoccospine.com.br\/wp-content\/uploads\/2023\/12\/cropped-BannerGol214-scaled-2-70x300.jpg 70w, https:\/\/drperoccospine.com.br\/wp-content\/uploads\/2023\/12\/cropped-BannerGol214-scaled-2-239x1024.jpg 239w, https:\/\/drperoccospine.com.br\/wp-content\/uploads\/2023\/12\/cropped-BannerGol214-scaled-2-359x1536.jpg 359w\" sizes=\"(max-width: 598px) 100vw, 598px\" \/>\n                      <div class=\"h-image__frame h-hide-lg h-hide-md h-hide-sm style-290-frameImage style-local-404-c12-frameImage\"><\/div>\n                    <\/div>\n                  <\/div>\n                <\/div>\n              <\/div>\n            <\/div>\n          <\/div>\n        <\/div>\n      <\/div>\n    <\/div>\n  <\/div>\n  <div data-colibri-component=\"section\" data-colibri-id=\"404-c13\" id=\"custom-2\" class=\"h-section h-section-global-spacing d-flex align-items-lg-center align-items-md-center align-items-center style-282 style-local-404-c13 position-relative\">\n    <!---->\n    <!---->\n    <div class=\"h-section-grid-container h-section-boxed-container\">\n      <!---->\n      <div data-colibri-id=\"404-c14\" class=\"h-row-container gutters-row-lg-2 gutters-row-md-2 gutters-row-0 gutters-row-v-lg-2 gutters-row-v-md-2 gutters-row-v-2 style-283 style-local-404-c14 position-relative\">\n        <!---->\n        <div class=\"h-row justify-content-lg-center justify-content-md-center justify-content-center align-items-lg-stretch align-items-md-stretch align-items-stretch gutters-col-lg-2 gutters-col-md-2 gutters-col-0 gutters-col-v-lg-2 gutters-col-v-md-2 gutters-col-v-2\">\n          <!---->\n          <div class=\"h-column h-column-container d-flex h-col-lg-auto h-col-md-auto h-col-auto style-284-outer style-local-404-c15-outer\">\n            <div data-colibri-id=\"404-c15\" class=\"d-flex h-flex-basis h-column__inner h-ui-empty-state-container h-px-lg-2 h-px-md-2 h-px-2 v-inner-lg-2 v-inner-md-2 v-inner-2 style-284 style-local-404-c15 position-relative\">\n              <!---->\n              <!---->\n              <div class=\"w-100 h-y-container h-column__content h-column__v-align flex-basis-100\">\n                <!---->\n              <\/div>\n            <\/div>\n          <\/div>\n        <\/div>\n      <\/div>\n    <\/div>\n  <\/div>\n<\/div>","protected":false},"excerpt":{"rendered":"<p>Praticar atividade f\u00edsica e manter o corpo em movimento \u00e9 essencial para estar em dia com a sa\u00fade,mas a intensidade dos exerc\u00edcios ou a falta de acompanhamento de um profissional qualificado pode gerar alguns problemas. No Brasil, ainda \u00e9 comum encontrar pacientes lesionados que, por medo de operar, continuam sentindo dor e at\u00e9 largam o [&hellip;]<\/p>\n","protected":false},"author":1,"featured_media":0,"parent":340,"menu_order":0,"comment_status":"closed","ping_status":"closed","template":"page-templates\/full-width-page.php","meta":{"footnotes":""},"class_list":["post-404","page","type-page","status-publish","hentry"],"_links":{"self":[{"href":"https:\/\/drperoccospine.com.br\/index.php\/wp-json\/wp\/v2\/pages\/404"}],"collection":[{"href":"https:\/\/drperoccospine.com.br\/index.php\/wp-json\/wp\/v2\/pages"}],"about":[{"href":"https:\/\/drperoccospine.com.br\/index.php\/wp-json\/wp\/v2\/types\/page"}],"author":[{"embeddable":true,"href":"https:\/\/drperoccospine.com.br\/index.php\/wp-json\/wp\/v2\/users\/1"}],"replies":[{"embeddable":true,"href":"https:\/\/drperoccospine.com.br\/index.php\/wp-json\/wp\/v2\/comments?post=404"}],"version-history":[{"count":5,"href":"https:\/\/drperoccospine.com.br\/index.php\/wp-json\/wp\/v2\/pages\/404\/revisions"}],"predecessor-version":[{"id":490,"href":"https:\/\/drperoccospine.com.br\/index.php\/wp-json\/wp\/v2\/pages\/404\/revisions\/490"}],"up":[{"embeddable":true,"href":"https:\/\/drperoccospine.com.br\/index.php\/wp-json\/wp\/v2\/pages\/340"}],"wp:attachment":[{"href":"https:\/\/drperoccospine.com.br\/index.php\/wp-json\/wp\/v2\/media?parent=404"}],"curies":[{"name":"wp","href":"https:\/\/api.w.org\/{rel}","templated":true}]}}