{"id":211,"date":"2023-11-14T18:29:56","date_gmt":"2023-11-14T18:29:56","guid":{"rendered":"https:\/\/drperoccospine.com.br\/?page_id=211"},"modified":"2023-12-22T18:18:13","modified_gmt":"2023-12-22T18:18:13","slug":"cirurgiadecolunaaindaetabunobrasil","status":"publish","type":"page","link":"https:\/\/drperoccospine.com.br\/index.php\/imprensa\/cirurgiadecolunaaindaetabunobrasil\/","title":{"rendered":"CIRURGIA DE COLUNA AINDA \u00c9 UM TAB\u00da NO BRASIL"},"content":{"rendered":"<div data-colibri-id=\"211-c1\" class=\"style-228 style-local-211-c1 position-relative\">\r\n  <!---->\r\n  <div data-colibri-component=\"section\" data-colibri-id=\"211-c2\" id=\"custom-2\" class=\"h-section h-section-global-spacing d-flex align-items-lg-center align-items-md-center align-items-center style-236 style-local-211-c2 position-relative\">\r\n    <!---->\r\n    <!---->\r\n    <div class=\"h-section-grid-container h-section-boxed-container\">\r\n      <!---->\r\n      <div data-colibri-id=\"211-c3\" class=\"h-row-container gutters-row-lg-2 gutters-row-md-2 gutters-row-0 gutters-row-v-lg-2 gutters-row-v-md-2 gutters-row-v-2 style-244 style-local-211-c3 position-relative\">\r\n        <!---->\r\n        <div class=\"h-row justify-content-lg-center justify-content-md-center justify-content-center align-items-lg-stretch align-items-md-stretch align-items-stretch gutters-col-lg-2 gutters-col-md-2 gutters-col-0 gutters-col-v-lg-2 gutters-col-v-md-2 gutters-col-v-2\">\r\n          <!---->\r\n          <div class=\"h-column h-column-container d-flex h-col-lg-auto h-col-md-auto h-col-auto style-245-outer style-local-211-c4-outer\">\r\n            <div data-colibri-id=\"211-c4\" class=\"d-flex h-flex-basis h-column__inner h-px-lg-2 h-px-md-2 h-px-2 v-inner-lg-2 v-inner-md-2 v-inner-2 style-245 style-local-211-c4 position-relative\">\r\n              <!---->\r\n              <!---->\r\n              <div class=\"w-100 h-y-container h-column__content h-column__v-align flex-basis-100 align-self-lg-start align-self-md-start align-self-start\">\r\n                <!---->\r\n                <div data-colibri-id=\"211-c5\" class=\"h-text h-text-component style-246 style-local-211-c5 position-relative h-element\">\r\n                  <!---->\r\n                  <!---->\r\n                  <div class=\"\">\r\n                    <p>Recupera\u00e7\u00e3o mais r\u00e1pida e menos dor no p\u00f3s-operat\u00f3rio s\u00e3o <\/p>\r\n                    <p>vantagens da t\u00e9cnica minimamente invasiva, mas muitas pessoas<\/p>\r\n                    <p>n\u00e3o conhecem o m\u00e9todo e por medo continuam com a dor.<\/p>\r\n                  <\/div>\r\n                <\/div>\r\n              <\/div>\r\n            <\/div>\r\n          <\/div>\r\n        <\/div>\r\n      <\/div>\r\n    <\/div>\r\n  <\/div>\r\n  <div data-colibri-component=\"section\" data-colibri-id=\"211-c6\" id=\"custom\" class=\"h-section h-section-global-spacing d-flex align-items-lg-center align-items-md-center align-items-center style-241 style-local-211-c6 position-relative\">\r\n    <!---->\r\n    <!---->\r\n    <div class=\"h-section-grid-container h-section-boxed-container\">\r\n      <!---->\r\n      <div data-colibri-id=\"211-c7\" class=\"h-row-container gutters-row-lg-2 gutters-row-md-2 gutters-row-0 gutters-row-v-lg-2 gutters-row-v-md-2 gutters-row-v-2 style-242 style-local-211-c7 position-relative\">\r\n        <!---->\r\n        <div class=\"h-row justify-content-lg-center justify-content-md-center justify-content-center align-items-lg-stretch align-items-md-stretch align-items-stretch gutters-col-lg-2 gutters-col-md-2 gutters-col-0 gutters-col-v-lg-2 gutters-col-v-md-2 gutters-col-v-2\">\r\n          <!---->\r\n          <div class=\"h-column h-column-container d-flex h-col-lg-auto h-col-md-auto h-col-auto style-243-outer style-local-211-c8-outer\">\r\n            <div data-colibri-id=\"211-c8\" class=\"d-flex h-flex-basis h-column__inner h-px-lg-2 h-px-md-2 h-px-2 v-inner-lg-2 v-inner-md-2 v-inner-2 style-243 style-local-211-c8 position-relative\">\r\n              <!---->\r\n              <!---->\r\n              <div class=\"w-100 h-y-container h-column__content h-column__v-align flex-basis-100 align-self-lg-start align-self-md-start align-self-start\">\r\n                <!---->\r\n                <div data-colibri-id=\"211-c9\" class=\"d-block style-249 style-local-211-c9 position-relative h-element\">\r\n                  <!---->\r\n                  <div class=\"h-image__frame-container-outer\">\r\n                    <div class=\"h-image__frame-container\">\r\n                      <!---->\r\n                      <!---->\r\n                      <img fetchpriority=\"high\" decoding=\"async\" width=\"596\" height=\"2560\" src=\"https:\/\/drperoccospine.com.br\/wp-content\/uploads\/2023\/12\/cropped-leadb-scaled-1.jpg\" class=\"wp-image-332 style-249-image style-local-211-c9-image\" alt=\"\" srcset=\"https:\/\/drperoccospine.com.br\/wp-content\/uploads\/2023\/12\/cropped-leadb-scaled-1.jpg 596w, https:\/\/drperoccospine.com.br\/wp-content\/uploads\/2023\/12\/cropped-leadb-scaled-1-70x300.jpg 70w, https:\/\/drperoccospine.com.br\/wp-content\/uploads\/2023\/12\/cropped-leadb-scaled-1-477x2048.jpg 477w\" sizes=\"(max-width: 596px) 100vw, 596px\" \/>\r\n                      <div class=\"h-image__frame h-hide-lg h-hide-md h-hide-sm style-249-frameImage style-local-211-c9-frameImage\"><\/div>\r\n                    <\/div>\r\n                  <\/div>\r\n                <\/div>\r\n              <\/div>\r\n            <\/div>\r\n          <\/div>\r\n          <div class=\"h-column h-column-container d-flex h-col-lg-auto h-col-md-auto h-col-auto style-247-outer style-local-211-c10-outer\">\r\n            <div data-colibri-id=\"211-c10\" class=\"d-flex h-flex-basis h-column__inner h-px-lg-2 h-px-md-2 h-px-2 v-inner-lg-2 v-inner-md-2 v-inner-2 style-247 style-local-211-c10 position-relative\">\r\n              <!---->\r\n              <!---->\r\n              <div class=\"w-100 h-y-container h-column__content h-column__v-align flex-basis-100 align-self-lg-start align-self-md-start align-self-start\">\r\n                <!---->\r\n                <div data-colibri-id=\"211-c11\" class=\"h-text h-text-component style-250 style-local-211-c11 position-relative h-element\">\r\n                  <!---->\r\n                  <!---->\r\n                  <div class=\"\">\r\n                    <p>Segundo dados da Organiza\u00e7\u00e3o Mundial de Sa\u00fade (OMS) 85% da popula\u00e7\u00e3o mundial sofre de dores na coluna. A dor nas costas \u00e9 a doen\u00e7a cr\u00f4nica mais comum no Brasil. A incid\u00eancia deste problema \u00e9 muito alta, quem n\u00e3o teve ainda vai ter.\r\n                      Quando se fala em cirurgia de coluna ainda existe um tabu. As principais preocupa\u00e7\u00f5es dos pacientes s\u00e3o: &#8220;Se der errado n\u00e3o vou mais andar? \u201cSentirei muitas dores no p\u00f3s-operat\u00f3rio? \u201cTenho medo de anestesia geral\u201d ou \u201cTerei que repetir\r\n                      o procedimento outras vezes?\u201d. O que a maioria desconhece \u00e9 que h\u00e1 uma t\u00e9cnica minimamente invasiva que oferece muitos benef\u00edcios, al\u00e9m da alta hospitalar acontecer no mesmo dia.<\/p>\r\n                    <p>O neurocirurgi\u00e3o especialista em cirurgia de coluna Dr. Marcelo Perocco, explica que a cirurgia minimamente invasiva atua apenas na regi\u00e3o da dor e afeta menos a estrutura do paciente. \u201cCom todos os exames de imagem que n\u00f3s temos,\r\n                      \u00e9 poss\u00edvel localizar o que est\u00e1 causando a dor, n\u00e3o sendo necess\u00e1ria uma cirurgia aberta de coluna, mais agressiva. A micro cirurgia \u00e9 segura, n\u00e3o causa quase nenhuma les\u00e3o na musculatura e nos ossos, reduz o risco de infec\u00e7\u00f5es,\r\n                      o tempo cir\u00fargico \u00e9 bem menor, a recupera\u00e7\u00e3o \u00e9 mais r\u00e1pida e diminui a dor do p\u00f3s-operat\u00f3rio. O paciente troca a dor por uma vida mais saud\u00e1vel\u201d, destaca.<\/p>\r\n                    <p>\r\n                      <br>\r\n                    <\/p>\r\n                  <\/div>\r\n                <\/div>\r\n              <\/div>\r\n            <\/div>\r\n          <\/div>\r\n          <div class=\"h-column h-column-container d-flex h-col-lg-auto h-col-md-auto h-col-auto style-248-outer style-local-211-c12-outer\">\r\n            <div data-colibri-id=\"211-c12\" class=\"d-flex h-flex-basis h-column__inner h-px-lg-2 h-px-md-2 h-px-2 v-inner-lg-2 v-inner-md-2 v-inner-2 style-248 style-local-211-c12 position-relative\">\r\n              <!---->\r\n              <!---->\r\n              <div class=\"w-100 h-y-container h-column__content h-column__v-align flex-basis-100 align-self-lg-start align-self-md-start align-self-start\">\r\n                <!---->\r\n                <div data-colibri-id=\"211-c13\" class=\"h-text h-text-component style-251 style-local-211-c13 position-relative h-element\">\r\n                  <!---->\r\n                  <!---->\r\n                  <div class=\"\">\r\n                    <p>De acordo com Dr. Marcelo, a t\u00e9cnica \u00e9 aplicada com anestesia local e seda\u00e7\u00e3o e pode ser utilizada para o tratamento de diversas doen\u00e7as, por exemplo, bico de papagaio, artrose e h\u00e9rnia de disco. Os fatores que podem desencadear as\r\n                      dores na coluna s\u00e3o diversos como, obesidade, excesso de exerc\u00edcio f\u00edsico, m\u00e1 postura, sedentarismo, fumo, doen\u00e7a degenerativa, entre outros.<\/p>\r\n                    <p>A falta de conhecimento ou o medo infundado fazem com que a procura pelo especialista seja tardia, quando o problema j\u00e1 est\u00e1 maior. \u201cA dor \u00e9 um sinal de alerta, pode ser apenas uma dor lombar, mas as vezes \u00e9 uma manifesta\u00e7\u00e3o de uma\r\n                      doen\u00e7a grave. Ent\u00e3o, o ideal \u00e9 procurar ajuda m\u00e9dica e n\u00e3o se auto medicar\u201d, alerta Perocco.<\/p>\r\n                    <p>O especialista deve avaliar qual o tratamento mais indicado para cada paciente. Quando falamos em tempo de recupera\u00e7\u00e3o, todos tem a inten\u00e7\u00e3o de recuperar a agilidade o mais r\u00e1pido poss\u00edvel, como \u00e9 o caso de Marcelo Eckmann que tem\r\n                      uma rotina intensa de competi\u00e7\u00f5es com seu c\u00e3o. &#8220;A cirurgia foi um sucesso e mesmo no p\u00f3s-operat\u00f3rio consegui retomar a minha rotina de treino e trabalho como adestrador para competi\u00e7\u00f5es de Agility\u201d conclui Marcelo Eckmann.<\/p>\r\n                  <\/div>\r\n                <\/div>\r\n                <div data-colibri-id=\"211-c14\" class=\"h-text h-text-component style-257 style-local-211-c14 position-relative h-element\">\r\n                  <!---->\r\n                  <!---->\r\n                  <div class=\"\">\r\n                    <p>\r\n                      <br>\r\n                    <\/p>\r\n                    <p>Dr. Marcelo Perocco-&nbsp;<\/p>\r\n                    <p>&nbsp;CRM\/SP 100.080<\/p>\r\n                  <\/div>\r\n                <\/div>\r\n              <\/div>\r\n            <\/div>\r\n          <\/div>\r\n        <\/div>\r\n      <\/div>\r\n    <\/div>\r\n  <\/div>\r\n<\/div>","protected":false},"excerpt":{"rendered":"<p>Recupera\u00e7\u00e3o mais r\u00e1pida e menos dor no p\u00f3s-operat\u00f3rio s\u00e3o vantagens da t\u00e9cnica minimamente invasiva, mas muitas pessoas n\u00e3o conhecem o m\u00e9todo e por medo continuam com a dor. Segundo dados da Organiza\u00e7\u00e3o Mundial de Sa\u00fade (OMS) 85% da popula\u00e7\u00e3o mundial sofre de dores na coluna. A dor nas costas \u00e9 a doen\u00e7a cr\u00f4nica mais comum [&hellip;]<\/p>\n","protected":false},"author":1,"featured_media":0,"parent":340,"menu_order":7,"comment_status":"closed","ping_status":"closed","template":"page-templates\/full-width-page.php","meta":{"footnotes":""},"class_list":["post-211","page","type-page","status-publish","hentry"],"_links":{"self":[{"href":"https:\/\/drperoccospine.com.br\/index.php\/wp-json\/wp\/v2\/pages\/211"}],"collection":[{"href":"https:\/\/drperoccospine.com.br\/index.php\/wp-json\/wp\/v2\/pages"}],"about":[{"href":"https:\/\/drperoccospine.com.br\/index.php\/wp-json\/wp\/v2\/types\/page"}],"author":[{"embeddable":true,"href":"https:\/\/drperoccospine.com.br\/index.php\/wp-json\/wp\/v2\/users\/1"}],"replies":[{"embeddable":true,"href":"https:\/\/drperoccospine.com.br\/index.php\/wp-json\/wp\/v2\/comments?post=211"}],"version-history":[{"count":9,"href":"https:\/\/drperoccospine.com.br\/index.php\/wp-json\/wp\/v2\/pages\/211\/revisions"}],"predecessor-version":[{"id":491,"href":"https:\/\/drperoccospine.com.br\/index.php\/wp-json\/wp\/v2\/pages\/211\/revisions\/491"}],"up":[{"embeddable":true,"href":"https:\/\/drperoccospine.com.br\/index.php\/wp-json\/wp\/v2\/pages\/340"}],"wp:attachment":[{"href":"https:\/\/drperoccospine.com.br\/index.php\/wp-json\/wp\/v2\/media?parent=211"}],"curies":[{"name":"wp","href":"https:\/\/api.w.org\/{rel}","templated":true}]}}